{"id":2,"date":"2026-04-07T13:58:59","date_gmt":"2026-04-07T13:58:59","guid":{"rendered":"https:\/\/sarah.billette.icca-reims.fr\/?page_id=2"},"modified":"2026-04-15T10:56:53","modified_gmt":"2026-04-15T10:56:53","slug":"sample-page","status":"publish","type":"page","link":"https:\/\/sarah.billette.icca-reims.fr\/","title":{"rendered":"Essence F\u00e9minine"},"content":{"rendered":"\n<p>Bienvenue dans un univers d\u00e9di\u00e9 \u00e0 la beaut\u00e9 et \u00e0 l\u2019\u00e9motion des parfums f\u00e9minins.<\/p>\n\n\n\n<p>Ici, chaque fragrance raconte une histoire, r\u00e9v\u00e8le une personnalit\u00e9 et accompagne chaque femme dans l\u2019expression de son identit\u00e9.<\/p>\n\n\n\n<p>Que vous soyez douce, audacieuse, \u00e9l\u00e9gante ou myst\u00e9rieuse, ce site vous guide \u00e0 travers une s\u00e9lection de parfums pens\u00e9s pour que chacune puisse se reconna\u00eetre, se sentir unique et affirmer son essence.<\/p>\n\n\n\n<p>Parce qu\u2019un parfum n\u2019est pas qu\u2019une senteur, mais une signature,\u00a0Essence<strong> <\/strong>F\u00e9minine\u00a0vous invite \u00e0 trouver celui qui vous ressemble.<\/p>\n\n\n\n<p>Avant de choisir un parfum, il y a une histoire \u00e0 d\u00e9couvrir\u2026<br>Au fil du temps, les fragrances ont \u00e9volu\u00e9, marquant les \u00e9poques et r\u00e9v\u00e9lant de nouvelles fa\u00e7ons de s\u2019exprimer.<\/p>\n\n\n\n<p>Plongez dans les moments cl\u00e9s qui ont fa\u00e7onn\u00e9 l\u2019univers du parfum tel que nous le connaissons aujourd\u2019hui.<\/p>\n\n\n\n<div class=\"wp-block-uagb-content-timeline uagb-timeline__outer-wrap uagb-block-0ae51d1c uagb-timeline__content-wrap uagb-timeline__center-block  uagb-timeline__arrow-center uagb-timeline\">\n<article class=\"wp-block-uagb-content-timeline-child uagb-timeline__field uagb-timeline-child-e4d6cc03 uagb-timeline__right\"><div class=\"uagb-timeline__marker out-view-uagb-timeline__icon\"><svg xmlns=\"https:\/\/www.w3.org\/2000\/svg\" viewBox=\"0 0 448 512\"><path d=\"M160 32V64H288V32C288 14.33 302.3 0 320 0C337.7 0 352 14.33 352 32V64H400C426.5 64 448 85.49 448 112V160H0V112C0 85.49 21.49 64 48 64H96V32C96 14.33 110.3 0 128 0C145.7 0 160 14.33 160 32zM0 192H448V464C448 490.5 426.5 512 400 512H48C21.49 512 0 490.5 0 464V192zM64 304C64 312.8 71.16 320 80 320H112C120.8 320 128 312.8 128 304V272C128 263.2 120.8 256 112 256H80C71.16 256 64 263.2 64 272V304zM192 304C192 312.8 199.2 320 208 320H240C248.8 320 256 312.8 256 304V272C256 263.2 248.8 256 240 256H208C199.2 256 192 263.2 192 272V304zM336 256C327.2 256 320 263.2 320 272V304C320 312.8 327.2 320 336 320H368C376.8 320 384 312.8 384 304V272C384 263.2 376.8 256 368 256H336zM64 432C64 440.8 71.16 448 80 448H112C120.8 448 128 440.8 128 432V400C128 391.2 120.8 384 112 384H80C71.16 384 64 391.2 64 400V432zM208 384C199.2 384 192 391.2 192 400V432C192 440.8 199.2 448 208 448H240C248.8 448 256 440.8 256 432V400C256 391.2 248.8 384 240 384H208zM320 432C320 440.8 327.2 448 336 448H368C376.8 448 384 440.8 384 432V400C384 391.2 376.8 384 368 384H336C327.2 384 320 391.2 320 400V432z\"><\/path><\/svg><\/div><div class=\"uagb-timeline__day-new uagb-timeline__day-right uagb-timeline__events-inner-new\"><div class=\"uagb-timeline__events-inner--content\"><div class=\"uagb-timeline__date-hide uagb-timeline__inner-date-new\">janvier 1, 2019<\/div><h4 class=\"uagb-timeline__heading\"><strong>Les origines<\/strong><\/h4><p class=\"uagb-timeline-desc-content\">Premi\u00e8res utilisations du parfum en \u00c9gypte ancienne.<\/p><div class=\"uagb-timeline__arrow\"><\/div><\/div><\/div><div class=\"uagb-timeline__date-new\">janvier 1, 2019<\/div><\/article>\n\n\n\n<article class=\"wp-block-uagb-content-timeline-child uagb-timeline__field uagb-timeline-child-58c3b0f1 uagb-timeline__left\"><div class=\"uagb-timeline__marker out-view-uagb-timeline__icon\"><svg xmlns=\"https:\/\/www.w3.org\/2000\/svg\" viewBox=\"0 0 448 512\"><path d=\"M160 32V64H288V32C288 14.33 302.3 0 320 0C337.7 0 352 14.33 352 32V64H400C426.5 64 448 85.49 448 112V160H0V112C0 85.49 21.49 64 48 64H96V32C96 14.33 110.3 0 128 0C145.7 0 160 14.33 160 32zM0 192H448V464C448 490.5 426.5 512 400 512H48C21.49 512 0 490.5 0 464V192zM64 304C64 312.8 71.16 320 80 320H112C120.8 320 128 312.8 128 304V272C128 263.2 120.8 256 112 256H80C71.16 256 64 263.2 64 272V304zM192 304C192 312.8 199.2 320 208 320H240C248.8 320 256 312.8 256 304V272C256 263.2 248.8 256 240 256H208C199.2 256 192 263.2 192 272V304zM336 256C327.2 256 320 263.2 320 272V304C320 312.8 327.2 320 336 320H368C376.8 320 384 312.8 384 304V272C384 263.2 376.8 256 368 256H336zM64 432C64 440.8 71.16 448 80 448H112C120.8 448 128 440.8 128 432V400C128 391.2 120.8 384 112 384H80C71.16 384 64 391.2 64 400V432zM208 384C199.2 384 192 391.2 192 400V432C192 440.8 199.2 448 208 448H240C248.8 448 256 440.8 256 432V400C256 391.2 248.8 384 240 384H208zM320 432C320 440.8 327.2 448 336 448H368C376.8 448 384 440.8 384 432V400C384 391.2 376.8 384 368 384H336C327.2 384 320 391.2 320 400V432z\"><\/path><\/svg><\/div><div class=\"uagb-timeline__day-new uagb-timeline__day-left uagb-timeline__events-inner-new\"><div class=\"uagb-timeline__events-inner--content\"><div class=\"uagb-timeline__date-hide uagb-timeline__inner-date-new\">janvier 1, 2019<\/div><h4 class=\"uagb-timeline__heading\"><strong>La premi\u00e8re fragrance moderne<\/strong><\/h4><p class=\"uagb-timeline-desc-content\">Cr\u00e9ation de l\u2019Eau de la Reine de Hongrie, l\u2019un des premiers parfums alcoolis\u00e9s.<\/p><div class=\"uagb-timeline__arrow\"><\/div><\/div><\/div><div class=\"uagb-timeline__date-new\">janvier 1, 2019<\/div><\/article>\n\n\n\n<article class=\"wp-block-uagb-content-timeline-child uagb-timeline__field uagb-timeline-child-48fb29e4 uagb-timeline__right\"><div class=\"uagb-timeline__marker out-view-uagb-timeline__icon\"><svg xmlns=\"https:\/\/www.w3.org\/2000\/svg\" viewBox=\"0 0 448 512\"><path d=\"M160 32V64H288V32C288 14.33 302.3 0 320 0C337.7 0 352 14.33 352 32V64H400C426.5 64 448 85.49 448 112V160H0V112C0 85.49 21.49 64 48 64H96V32C96 14.33 110.3 0 128 0C145.7 0 160 14.33 160 32zM0 192H448V464C448 490.5 426.5 512 400 512H48C21.49 512 0 490.5 0 464V192zM64 304C64 312.8 71.16 320 80 320H112C120.8 320 128 312.8 128 304V272C128 263.2 120.8 256 112 256H80C71.16 256 64 263.2 64 272V304zM192 304C192 312.8 199.2 320 208 320H240C248.8 320 256 312.8 256 304V272C256 263.2 248.8 256 240 256H208C199.2 256 192 263.2 192 272V304zM336 256C327.2 256 320 263.2 320 272V304C320 312.8 327.2 320 336 320H368C376.8 320 384 312.8 384 304V272C384 263.2 376.8 256 368 256H336zM64 432C64 440.8 71.16 448 80 448H112C120.8 448 128 440.8 128 432V400C128 391.2 120.8 384 112 384H80C71.16 384 64 391.2 64 400V432zM208 384C199.2 384 192 391.2 192 400V432C192 440.8 199.2 448 208 448H240C248.8 448 256 440.8 256 432V400C256 391.2 248.8 384 240 384H208zM320 432C320 440.8 327.2 448 336 448H368C376.8 448 384 440.8 384 432V400C384 391.2 376.8 384 368 384H336C327.2 384 320 391.2 320 400V432z\"><\/path><\/svg><\/div><div class=\"uagb-timeline__day-new uagb-timeline__day-right uagb-timeline__events-inner-new\"><div class=\"uagb-timeline__events-inner--content\"><div class=\"uagb-timeline__date-hide uagb-timeline__inner-date-new\">Invalid date<\/div><h4 class=\"uagb-timeline__heading\"><strong>L\u2019essor en France<\/strong><\/h4><p class=\"uagb-timeline-desc-content\">Cr\u00e9ation de la corporation des parfumeurs-gantiers.<br><\/p><div class=\"uagb-timeline__arrow\"><\/div><\/div><\/div><div class=\"uagb-timeline__date-new\">Invalid date<\/div><\/article>\n\n\n\n<article class=\"wp-block-uagb-content-timeline-child uagb-timeline__field uagb-timeline-child-25cf0e6c uagb-timeline__left\"><div class=\"uagb-timeline__marker out-view-uagb-timeline__icon\"><svg xmlns=\"https:\/\/www.w3.org\/2000\/svg\" viewBox=\"0 0 448 512\"><path d=\"M160 32V64H288V32C288 14.33 302.3 0 320 0C337.7 0 352 14.33 352 32V64H400C426.5 64 448 85.49 448 112V160H0V112C0 85.49 21.49 64 48 64H96V32C96 14.33 110.3 0 128 0C145.7 0 160 14.33 160 32zM0 192H448V464C448 490.5 426.5 512 400 512H48C21.49 512 0 490.5 0 464V192zM64 304C64 312.8 71.16 320 80 320H112C120.8 320 128 312.8 128 304V272C128 263.2 120.8 256 112 256H80C71.16 256 64 263.2 64 272V304zM192 304C192 312.8 199.2 320 208 320H240C248.8 320 256 312.8 256 304V272C256 263.2 248.8 256 240 256H208C199.2 256 192 263.2 192 272V304zM336 256C327.2 256 320 263.2 320 272V304C320 312.8 327.2 320 336 320H368C376.8 320 384 312.8 384 304V272C384 263.2 376.8 256 368 256H336zM64 432C64 440.8 71.16 448 80 448H112C120.8 448 128 440.8 128 432V400C128 391.2 120.8 384 112 384H80C71.16 384 64 391.2 64 400V432zM208 384C199.2 384 192 391.2 192 400V432C192 440.8 199.2 448 208 448H240C248.8 448 256 440.8 256 432V400C256 391.2 248.8 384 240 384H208zM320 432C320 440.8 327.2 448 336 448H368C376.8 448 384 440.8 384 432V400C384 391.2 376.8 384 368 384H336C327.2 384 320 391.2 320 400V432z\"><\/path><\/svg><\/div><div class=\"uagb-timeline__day-new uagb-timeline__day-left uagb-timeline__events-inner-new\"><div class=\"uagb-timeline__events-inner--content\"><div class=\"uagb-timeline__date-hide uagb-timeline__inner-date-new\">janvier 1, 2019<\/div><h4 class=\"uagb-timeline__heading\"><strong>La fra\u00eecheur r\u00e9volutionnaire<\/strong><\/h4><p class=\"uagb-timeline-desc-content\">Naissance de l\u2019Eau de Cologne.<\/p><div class=\"uagb-timeline__arrow\"><\/div><\/div><\/div><div class=\"uagb-timeline__date-new\">janvier 1, 2019<\/div><\/article>\n\n\n\n<article class=\"wp-block-uagb-content-timeline-child uagb-timeline__field uagb-timeline-child-a876d57b uagb-timeline__right\"><div class=\"uagb-timeline__marker out-view-uagb-timeline__icon\"><svg xmlns=\"https:\/\/www.w3.org\/2000\/svg\" viewBox=\"0 0 448 512\"><path d=\"M160 32V64H288V32C288 14.33 302.3 0 320 0C337.7 0 352 14.33 352 32V64H400C426.5 64 448 85.49 448 112V160H0V112C0 85.49 21.49 64 48 64H96V32C96 14.33 110.3 0 128 0C145.7 0 160 14.33 160 32zM0 192H448V464C448 490.5 426.5 512 400 512H48C21.49 512 0 490.5 0 464V192zM64 304C64 312.8 71.16 320 80 320H112C120.8 320 128 312.8 128 304V272C128 263.2 120.8 256 112 256H80C71.16 256 64 263.2 64 272V304zM192 304C192 312.8 199.2 320 208 320H240C248.8 320 256 312.8 256 304V272C256 263.2 248.8 256 240 256H208C199.2 256 192 263.2 192 272V304zM336 256C327.2 256 320 263.2 320 272V304C320 312.8 327.2 320 336 320H368C376.8 320 384 312.8 384 304V272C384 263.2 376.8 256 368 256H336zM64 432C64 440.8 71.16 448 80 448H112C120.8 448 128 440.8 128 432V400C128 391.2 120.8 384 112 384H80C71.16 384 64 391.2 64 400V432zM208 384C199.2 384 192 391.2 192 400V432C192 440.8 199.2 448 208 448H240C248.8 448 256 440.8 256 432V400C256 391.2 248.8 384 240 384H208zM320 432C320 440.8 327.2 448 336 448H368C376.8 448 384 440.8 384 432V400C384 391.2 376.8 384 368 384H336C327.2 384 320 391.2 320 400V432z\"><\/path><\/svg><\/div><div class=\"uagb-timeline__day-new uagb-timeline__day-right uagb-timeline__events-inner-new\"><div class=\"uagb-timeline__events-inner--content\"><div class=\"uagb-timeline__date-hide uagb-timeline__inner-date-new\">janvier 1, 2019<\/div><h4 class=\"uagb-timeline__heading\"><strong>Une grande maison na\u00eet<\/strong><\/h4><p class=\"uagb-timeline-desc-content\">Fondation de\u00a0Guerlain.<\/p><div class=\"uagb-timeline__arrow\"><\/div><\/div><\/div><div class=\"uagb-timeline__date-new\">janvier 1, 2019<\/div><\/article>\n\n\n\n<article class=\"wp-block-uagb-content-timeline-child uagb-timeline__field uagb-timeline-child-a8ec101e uagb-timeline__left\"><div class=\"uagb-timeline__marker out-view-uagb-timeline__icon\"><svg xmlns=\"https:\/\/www.w3.org\/2000\/svg\" viewBox=\"0 0 448 512\"><path d=\"M160 32V64H288V32C288 14.33 302.3 0 320 0C337.7 0 352 14.33 352 32V64H400C426.5 64 448 85.49 448 112V160H0V112C0 85.49 21.49 64 48 64H96V32C96 14.33 110.3 0 128 0C145.7 0 160 14.33 160 32zM0 192H448V464C448 490.5 426.5 512 400 512H48C21.49 512 0 490.5 0 464V192zM64 304C64 312.8 71.16 320 80 320H112C120.8 320 128 312.8 128 304V272C128 263.2 120.8 256 112 256H80C71.16 256 64 263.2 64 272V304zM192 304C192 312.8 199.2 320 208 320H240C248.8 320 256 312.8 256 304V272C256 263.2 248.8 256 240 256H208C199.2 256 192 263.2 192 272V304zM336 256C327.2 256 320 263.2 320 272V304C320 312.8 327.2 320 336 320H368C376.8 320 384 312.8 384 304V272C384 263.2 376.8 256 368 256H336zM64 432C64 440.8 71.16 448 80 448H112C120.8 448 128 440.8 128 432V400C128 391.2 120.8 384 112 384H80C71.16 384 64 391.2 64 400V432zM208 384C199.2 384 192 391.2 192 400V432C192 440.8 199.2 448 208 448H240C248.8 448 256 440.8 256 432V400C256 391.2 248.8 384 240 384H208zM320 432C320 440.8 327.2 448 336 448H368C376.8 448 384 440.8 384 432V400C384 391.2 376.8 384 368 384H336C327.2 384 320 391.2 320 400V432z\"><\/path><\/svg><\/div><div class=\"uagb-timeline__day-new uagb-timeline__day-left uagb-timeline__events-inner-new\"><div class=\"uagb-timeline__events-inner--content\"><div class=\"uagb-timeline__date-hide uagb-timeline__inner-date-new\">janvier 1, 2019<\/div><h4 class=\"uagb-timeline__heading\"><strong>Une ic\u00f4ne intemporelle<\/strong><\/h4><p class=\"uagb-timeline-desc-content\">Cr\u00e9ation du c\u00e9l\u00e8bre Chanel N\u00b05.<\/p><div class=\"uagb-timeline__arrow\"><\/div><\/div><\/div><div class=\"uagb-timeline__date-new\">janvier 1, 2019<\/div><\/article>\n\n\n\n<article class=\"wp-block-uagb-content-timeline-child uagb-timeline__field uagb-timeline-child-89586edb uagb-timeline__right\"><div class=\"uagb-timeline__marker out-view-uagb-timeline__icon\"><svg xmlns=\"https:\/\/www.w3.org\/2000\/svg\" viewBox=\"0 0 448 512\"><path d=\"M160 32V64H288V32C288 14.33 302.3 0 320 0C337.7 0 352 14.33 352 32V64H400C426.5 64 448 85.49 448 112V160H0V112C0 85.49 21.49 64 48 64H96V32C96 14.33 110.3 0 128 0C145.7 0 160 14.33 160 32zM0 192H448V464C448 490.5 426.5 512 400 512H48C21.49 512 0 490.5 0 464V192zM64 304C64 312.8 71.16 320 80 320H112C120.8 320 128 312.8 128 304V272C128 263.2 120.8 256 112 256H80C71.16 256 64 263.2 64 272V304zM192 304C192 312.8 199.2 320 208 320H240C248.8 320 256 312.8 256 304V272C256 263.2 248.8 256 240 256H208C199.2 256 192 263.2 192 272V304zM336 256C327.2 256 320 263.2 320 272V304C320 312.8 327.2 320 336 320H368C376.8 320 384 312.8 384 304V272C384 263.2 376.8 256 368 256H336zM64 432C64 440.8 71.16 448 80 448H112C120.8 448 128 440.8 128 432V400C128 391.2 120.8 384 112 384H80C71.16 384 64 391.2 64 400V432zM208 384C199.2 384 192 391.2 192 400V432C192 440.8 199.2 448 208 448H240C248.8 448 256 440.8 256 432V400C256 391.2 248.8 384 240 384H208zM320 432C320 440.8 327.2 448 336 448H368C376.8 448 384 440.8 384 432V400C384 391.2 376.8 384 368 384H336C327.2 384 320 391.2 320 400V432z\"><\/path><\/svg><\/div><div class=\"uagb-timeline__day-new uagb-timeline__day-right uagb-timeline__events-inner-new\"><div class=\"uagb-timeline__events-inner--content\"><div class=\"uagb-timeline__date-hide uagb-timeline__inner-date-new\">janvier 1, 2019<\/div><h4 class=\"uagb-timeline__heading\"><strong>L\u2019audace parfum\u00e9e<\/strong><\/h4><p class=\"uagb-timeline-desc-content\">Lancement de Opium.<\/p><div class=\"uagb-timeline__arrow\"><\/div><\/div><\/div><div class=\"uagb-timeline__date-new\">janvier 1, 2019<\/div><\/article>\n\n\n\n<article class=\"wp-block-uagb-content-timeline-child uagb-timeline__field uagb-timeline-child-6f4fb4ae uagb-timeline__left\"><div class=\"uagb-timeline__marker out-view-uagb-timeline__icon\"><svg xmlns=\"https:\/\/www.w3.org\/2000\/svg\" viewBox=\"0 0 448 512\"><path d=\"M160 32V64H288V32C288 14.33 302.3 0 320 0C337.7 0 352 14.33 352 32V64H400C426.5 64 448 85.49 448 112V160H0V112C0 85.49 21.49 64 48 64H96V32C96 14.33 110.3 0 128 0C145.7 0 160 14.33 160 32zM0 192H448V464C448 490.5 426.5 512 400 512H48C21.49 512 0 490.5 0 464V192zM64 304C64 312.8 71.16 320 80 320H112C120.8 320 128 312.8 128 304V272C128 263.2 120.8 256 112 256H80C71.16 256 64 263.2 64 272V304zM192 304C192 312.8 199.2 320 208 320H240C248.8 320 256 312.8 256 304V272C256 263.2 248.8 256 240 256H208C199.2 256 192 263.2 192 272V304zM336 256C327.2 256 320 263.2 320 272V304C320 312.8 327.2 320 336 320H368C376.8 320 384 312.8 384 304V272C384 263.2 376.8 256 368 256H336zM64 432C64 440.8 71.16 448 80 448H112C120.8 448 128 440.8 128 432V400C128 391.2 120.8 384 112 384H80C71.16 384 64 391.2 64 400V432zM208 384C199.2 384 192 391.2 192 400V432C192 440.8 199.2 448 208 448H240C248.8 448 256 440.8 256 432V400C256 391.2 248.8 384 240 384H208zM320 432C320 440.8 327.2 448 336 448H368C376.8 448 384 440.8 384 432V400C384 391.2 376.8 384 368 384H336C327.2 384 320 391.2 320 400V432z\"><\/path><\/svg><\/div><div class=\"uagb-timeline__day-new uagb-timeline__day-left uagb-timeline__events-inner-new\"><div class=\"uagb-timeline__events-inner--content\"><div class=\"uagb-timeline__date-hide uagb-timeline__inner-date-new\">avril 15, 2026<\/div><h4 class=\"uagb-timeline__heading\"><strong>L\u2019expression de soi<\/strong><\/h4><p class=\"uagb-timeline-desc-content\">Le parfum devient une v\u00e9ritable signature personnelle.<\/p><div class=\"uagb-timeline__arrow\"><\/div><\/div><\/div><div class=\"uagb-timeline__date-new\">avril 15, 2026<\/div><\/article>\n<div class=\"uagb-timeline__line\"><div class=\"uagb-timeline__line__inner\"><\/div><\/div><\/div>\n\n\n\n<hr class=\"wp-block-separator has-alpha-channel-opacity\"\/>\n\n\n\n<blockquote class=\"wp-block-quote is-layout-flow wp-block-quote-is-layout-flow\">\n<p>Chez\u00a0Essence F\u00e9minine, chaque parfum r\u00e9v\u00e8le une facette unique de votre personnalit\u00e9.<br>Floraux, fruit\u00e9s, bois\u00e9s, gourmands ou orientaux\u2026 chaque style raconte une histoire, une \u00e9motion, une identit\u00e9.<\/p>\n\n\n\n<p>Que vous soyez douce et romantique, audacieuse et intense, ou fra\u00eeche et naturelle, laissez-vous guider \u00e0 travers ces univers olfactifs et trouvez celui qui vous correspond vraiment.<\/p>\n\n\n\n<p>Parce que votre parfum n\u2019est pas choisi au hasard\u2026 il est le reflet de qui vous \u00eates.<\/p>\n<\/blockquote>\n\n\n\n<p>Mais<\/p>\n\n\n\n<blockquote class=\"wp-block-quote is-layout-flow wp-block-quote-is-layout-flow\">\n<p>Parfois, il suffit d\u2019une seule note pour \u00e9veiller une \u00e9motion nouvelle, surprendre vos sens et r\u00e9v\u00e9ler une facette encore insoup\u00e7onn\u00e9e de votre essence.<\/p>\n<\/blockquote>\n\n\n\n<p>Laissez-vous inspirer, explorez, ressentez\u2026 et trouvez le parfum qui vous accompagnera au quotidien comme une \u00e9vidence.<\/p>\n\n\n\n<p><\/p>\n\n\n\n<p class=\"has-accent-2-color has-text-color has-link-color wp-elements-1c64e29f902a89d6fdbb2c0f2e209fcc\"><\/p>\n","protected":false},"excerpt":{"rendered":"<p>Bienvenue dans un univers d\u00e9di\u00e9 \u00e0 la beaut\u00e9 et \u00e0 l\u2019\u00e9motion des parfums f\u00e9minins. Ici, chaque fragrance raconte une histoire, r\u00e9v\u00e8le une personnalit\u00e9 et accompagne chaque femme dans l\u2019expression de son identit\u00e9. Que vous soyez douce, audacieuse, \u00e9l\u00e9gante ou myst\u00e9rieuse, ce site vous guide \u00e0 travers une s\u00e9lection de parfums pens\u00e9s pour que chacune puisse [&hellip;]<\/p>\n","protected":false},"author":1,"featured_media":0,"parent":0,"menu_order":0,"comment_status":"closed","ping_status":"open","template":"","meta":{"_uag_custom_page_level_css":"","footnotes":""},"class_list":["post-2","page","type-page","status-publish","hentry"],"yoast_head":"<!-- This site is optimized with the Yoast SEO plugin v27.4 - https:\/\/yoast.com\/product\/yoast-seo-wordpress\/ -->\n<title>Essence F\u00e9minine - Doux et moelleux<\/title>\n<meta name=\"robots\" content=\"index, follow, max-snippet:-1, max-image-preview:large, max-video-preview:-1\" \/>\n<link rel=\"canonical\" href=\"https:\/\/sarah.billette.icca-reims.fr\/\" \/>\n<meta property=\"og:locale\" content=\"fr_FR\" \/>\n<meta property=\"og:type\" content=\"article\" \/>\n<meta property=\"og:title\" content=\"Essence F\u00e9minine - Doux et moelleux\" \/>\n<meta property=\"og:description\" content=\"Bienvenue dans un univers d\u00e9di\u00e9 \u00e0 la beaut\u00e9 et \u00e0 l\u2019\u00e9motion des parfums f\u00e9minins. Ici, chaque fragrance raconte une histoire, r\u00e9v\u00e8le une personnalit\u00e9 et accompagne chaque femme dans l\u2019expression de son identit\u00e9. Que vous soyez douce, audacieuse, \u00e9l\u00e9gante ou myst\u00e9rieuse, ce site vous guide \u00e0 travers une s\u00e9lection de parfums pens\u00e9s pour que chacune puisse [&hellip;]\" \/>\n<meta property=\"og:url\" content=\"https:\/\/sarah.billette.icca-reims.fr\/\" \/>\n<meta property=\"og:site_name\" content=\"Doux et moelleux\" \/>\n<meta property=\"article:modified_time\" content=\"2026-04-15T10:56:53+00:00\" \/>\n<meta name=\"twitter:card\" content=\"summary_large_image\" \/>\n<meta name=\"twitter:label1\" content=\"Dur\u00e9e de lecture estim\u00e9e\" \/>\n\t<meta name=\"twitter:data1\" content=\"2 minutes\" \/>\n<script type=\"application\/ld+json\" class=\"yoast-schema-graph\">{\"@context\":\"https:\\\/\\\/schema.org\",\"@graph\":[{\"@type\":\"WebPage\",\"@id\":\"https:\\\/\\\/sarah.billette.icca-reims.fr\\\/\",\"url\":\"https:\\\/\\\/sarah.billette.icca-reims.fr\\\/\",\"name\":\"Essence F\u00e9minine - Doux et moelleux\",\"isPartOf\":{\"@id\":\"https:\\\/\\\/sarah.billette.icca-reims.fr\\\/#website\"},\"datePublished\":\"2026-04-07T13:58:59+00:00\",\"dateModified\":\"2026-04-15T10:56:53+00:00\",\"breadcrumb\":{\"@id\":\"https:\\\/\\\/sarah.billette.icca-reims.fr\\\/#breadcrumb\"},\"inLanguage\":\"fr-FR\",\"potentialAction\":[{\"@type\":\"ReadAction\",\"target\":[\"https:\\\/\\\/sarah.billette.icca-reims.fr\\\/\"]}]},{\"@type\":\"BreadcrumbList\",\"@id\":\"https:\\\/\\\/sarah.billette.icca-reims.fr\\\/#breadcrumb\",\"itemListElement\":[{\"@type\":\"ListItem\",\"position\":1,\"name\":\"Accueil\",\"item\":\"https:\\\/\\\/sarah.billette.icca-reims.fr\\\/\"},{\"@type\":\"ListItem\",\"position\":2,\"name\":\"Essence F\u00e9minine\"}]},{\"@type\":\"WebSite\",\"@id\":\"https:\\\/\\\/sarah.billette.icca-reims.fr\\\/#website\",\"url\":\"https:\\\/\\\/sarah.billette.icca-reims.fr\\\/\",\"name\":\"Doux et moelleux\",\"description\":\"\",\"potentialAction\":[{\"@type\":\"SearchAction\",\"target\":{\"@type\":\"EntryPoint\",\"urlTemplate\":\"https:\\\/\\\/sarah.billette.icca-reims.fr\\\/?s={search_term_string}\"},\"query-input\":{\"@type\":\"PropertyValueSpecification\",\"valueRequired\":true,\"valueName\":\"search_term_string\"}}],\"inLanguage\":\"fr-FR\"}]}<\/script>\n<!-- \/ Yoast SEO plugin. -->","yoast_head_json":{"title":"Essence F\u00e9minine - Doux et moelleux","robots":{"index":"index","follow":"follow","max-snippet":"max-snippet:-1","max-image-preview":"max-image-preview:large","max-video-preview":"max-video-preview:-1"},"canonical":"https:\/\/sarah.billette.icca-reims.fr\/","og_locale":"fr_FR","og_type":"article","og_title":"Essence F\u00e9minine - Doux et moelleux","og_description":"Bienvenue dans un univers d\u00e9di\u00e9 \u00e0 la beaut\u00e9 et \u00e0 l\u2019\u00e9motion des parfums f\u00e9minins. Ici, chaque fragrance raconte une histoire, r\u00e9v\u00e8le une personnalit\u00e9 et accompagne chaque femme dans l\u2019expression de son identit\u00e9. Que vous soyez douce, audacieuse, \u00e9l\u00e9gante ou myst\u00e9rieuse, ce site vous guide \u00e0 travers une s\u00e9lection de parfums pens\u00e9s pour que chacune puisse [&hellip;]","og_url":"https:\/\/sarah.billette.icca-reims.fr\/","og_site_name":"Doux et moelleux","article_modified_time":"2026-04-15T10:56:53+00:00","twitter_card":"summary_large_image","twitter_misc":{"Dur\u00e9e de lecture estim\u00e9e":"2 minutes"},"schema":{"@context":"https:\/\/schema.org","@graph":[{"@type":"WebPage","@id":"https:\/\/sarah.billette.icca-reims.fr\/","url":"https:\/\/sarah.billette.icca-reims.fr\/","name":"Essence F\u00e9minine - Doux et moelleux","isPartOf":{"@id":"https:\/\/sarah.billette.icca-reims.fr\/#website"},"datePublished":"2026-04-07T13:58:59+00:00","dateModified":"2026-04-15T10:56:53+00:00","breadcrumb":{"@id":"https:\/\/sarah.billette.icca-reims.fr\/#breadcrumb"},"inLanguage":"fr-FR","potentialAction":[{"@type":"ReadAction","target":["https:\/\/sarah.billette.icca-reims.fr\/"]}]},{"@type":"BreadcrumbList","@id":"https:\/\/sarah.billette.icca-reims.fr\/#breadcrumb","itemListElement":[{"@type":"ListItem","position":1,"name":"Accueil","item":"https:\/\/sarah.billette.icca-reims.fr\/"},{"@type":"ListItem","position":2,"name":"Essence F\u00e9minine"}]},{"@type":"WebSite","@id":"https:\/\/sarah.billette.icca-reims.fr\/#website","url":"https:\/\/sarah.billette.icca-reims.fr\/","name":"Doux et moelleux","description":"","potentialAction":[{"@type":"SearchAction","target":{"@type":"EntryPoint","urlTemplate":"https:\/\/sarah.billette.icca-reims.fr\/?s={search_term_string}"},"query-input":{"@type":"PropertyValueSpecification","valueRequired":true,"valueName":"search_term_string"}}],"inLanguage":"fr-FR"}]}},"uagb_featured_image_src":{"full":false,"thumbnail":false,"medium":false,"medium_large":false,"large":false,"1536x1536":false,"2048x2048":false},"uagb_author_info":{"display_name":"admin","author_link":"https:\/\/sarah.billette.icca-reims.fr\/?author=1"},"uagb_comment_info":0,"uagb_excerpt":"Bienvenue dans un univers d\u00e9di\u00e9 \u00e0 la beaut\u00e9 et \u00e0 l\u2019\u00e9motion des parfums f\u00e9minins. Ici, chaque fragrance raconte une histoire, r\u00e9v\u00e8le une personnalit\u00e9 et accompagne chaque femme dans l\u2019expression de son identit\u00e9. Que vous soyez douce, audacieuse, \u00e9l\u00e9gante ou myst\u00e9rieuse, ce site vous guide \u00e0 travers une s\u00e9lection de parfums pens\u00e9s pour que chacune puisse\u2026","_links":{"self":[{"href":"https:\/\/sarah.billette.icca-reims.fr\/index.php?rest_route=\/wp\/v2\/pages\/2","targetHints":{"allow":["GET"]}}],"collection":[{"href":"https:\/\/sarah.billette.icca-reims.fr\/index.php?rest_route=\/wp\/v2\/pages"}],"about":[{"href":"https:\/\/sarah.billette.icca-reims.fr\/index.php?rest_route=\/wp\/v2\/types\/page"}],"author":[{"embeddable":true,"href":"https:\/\/sarah.billette.icca-reims.fr\/index.php?rest_route=\/wp\/v2\/users\/1"}],"replies":[{"embeddable":true,"href":"https:\/\/sarah.billette.icca-reims.fr\/index.php?rest_route=%2Fwp%2Fv2%2Fcomments&post=2"}],"version-history":[{"count":3,"href":"https:\/\/sarah.billette.icca-reims.fr\/index.php?rest_route=\/wp\/v2\/pages\/2\/revisions"}],"predecessor-version":[{"id":15,"href":"https:\/\/sarah.billette.icca-reims.fr\/index.php?rest_route=\/wp\/v2\/pages\/2\/revisions\/15"}],"wp:attachment":[{"href":"https:\/\/sarah.billette.icca-reims.fr\/index.php?rest_route=%2Fwp%2Fv2%2Fmedia&parent=2"}],"curies":[{"name":"wp","href":"https:\/\/api.w.org\/{rel}","templated":true}]}}